{"id":112,"date":"2018-12-04T05:59:19","date_gmt":"2018-12-04T04:59:19","guid":{"rendered":"http:\/\/kliford.org.pl\/index.php\/service\/"},"modified":"2025-11-03T14:41:25","modified_gmt":"2025-11-03T13:41:25","slug":"service","status":"publish","type":"page","link":"https:\/\/kliford.org.pl\/index.php\/service\/","title":{"rendered":"Service"},"content":{"rendered":"\t\t<div data-elementor-type=\"wp-post\" data-elementor-id=\"112\" class=\"elementor elementor-112\">\n\t\t\t\t<div class=\"aux-parallax-section elementor-element elementor-element-a9cf58b e-flex e-con-boxed e-con e-parent\" data-id=\"a9cf58b\" data-element_type=\"container\">\n\t\t\t\t\t<div class=\"e-con-inner\">\n\t\t<div class=\"elementor-element elementor-element-4a26af4 e-con-full e-flex e-con e-child\" data-id=\"4a26af4\" data-element_type=\"container\">\n\t\t\t\t<div class=\"elementor-element elementor-element-1b3573f aux-appear-watch-animation aux-fade-in-up elementor-widget elementor-widget-aux_modern_heading\" data-id=\"1b3573f\" data-element_type=\"widget\" data-widget_type=\"aux_modern_heading.default\">\n\t\t\t\t<div class=\"elementor-widget-container\">\n\t\t\t\t\t<section class=\"aux-widget-modern-heading\">\n            <div class=\"aux-widget-inner\"><h2 class=\"aux-modern-heading-primary\">Podstawowe <b>dokumenty <\/b>o naszej <b>dzia\u0142\u0105lno\u015bci<\/b><\/h2><div class=\"aux-modern-heading-divider\"><\/div><div class=\"aux-modern-heading-description\"><p>Tu znajdziesz materia\u0142y do pobrania<\/p><\/div><\/div>\n        <\/section>\t\t\t\t<\/div>\n\t\t\t\t<\/div>\n\t\t\t\t<\/div>\n\t\t<div class=\"elementor-element elementor-element-eabe25a e-con-full e-flex e-con e-child\" data-id=\"eabe25a\" data-element_type=\"container\">\n\t\t<div class=\"elementor-element elementor-element-6074f54 e-con-full e-flex e-con e-child\" data-id=\"6074f54\" data-element_type=\"container\">\n\t\t<div class=\"elementor-element elementor-element-568a45b aux-appear-watch-animation aux-scale-up e-con-full e-flex e-con e-child\" data-id=\"568a45b\" data-element_type=\"container\">\n\t\t\t\t<div class=\"elementor-element elementor-element-0faa4a7 elementor-widget elementor-widget-aux_modern_heading\" data-id=\"0faa4a7\" data-element_type=\"widget\" data-widget_type=\"aux_modern_heading.default\">\n\t\t\t\t<div class=\"elementor-widget-container\">\n\t\t\t\t\t<section class=\"aux-widget-modern-heading\">\n            <div class=\"aux-widget-inner\"><h2 class=\"aux-modern-heading-primary\"><\/h2><h3 class=\"aux-modern-heading-secondary\"><span class=\"aux-head-before\">Dokumenty<\/span><\/h3><div class=\"aux-modern-heading-description\"><p>Tu znajdziesz takie dokumenty jak statut, wz\u00f3r umowy wolontariusza itp.<\/p><\/div><\/div>\n        <\/section>\t\t\t\t<\/div>\n\t\t\t\t<\/div>\n\t\t\t\t<div class=\"elementor-element elementor-element-8e8c0da elementor-widget__width-auto elementor-widget elementor-widget-aux_simple_svg\" data-id=\"8e8c0da\" data-element_type=\"widget\" data-widget_type=\"aux_simple_svg.default\">\n\t\t\t\t<div class=\"elementor-widget-container\">\n\t\t\t\t\t    <div class=\"aux-widget-container aux-simple-svg-container\">\n        <div class=\"aux-widget-container-inner\">\n            <div class=\"aux-the-svg\"><\/div>\n        <\/div>\n    <\/div>\n    \t\t\t\t<\/div>\n\t\t\t\t<\/div>\n\t\t\t\t<\/div>\n\t\t<div class=\"elementor-element elementor-element-cdb3529 aux-appear-watch-animation aux-scale-up e-con-full e-flex e-con e-child\" data-id=\"cdb3529\" data-element_type=\"container\">\n\t\t\t\t<div class=\"elementor-element elementor-element-f2a8c96 elementor-widget elementor-widget-aux_modern_heading\" data-id=\"f2a8c96\" data-element_type=\"widget\" data-widget_type=\"aux_modern_heading.default\">\n\t\t\t\t<div class=\"elementor-widget-container\">\n\t\t\t\t\t<section class=\"aux-widget-modern-heading\">\n            <div class=\"aux-widget-inner\"><h2 class=\"aux-modern-heading-primary\"><\/h2><h3 class=\"aux-modern-heading-secondary\"><span class=\"aux-head-before\">Identyfikacja wizualna<\/span><\/h3><div class=\"aux-modern-heading-description\"><p>Tu znajdziesz wszystkie nasze logo do wykorzystywania w materia\u0142ach marketingowych.<\/p><\/div><\/div>\n        <\/section>\t\t\t\t<\/div>\n\t\t\t\t<\/div>\n\t\t\t\t<div class=\"elementor-element elementor-element-e7df2db elementor-widget__width-auto elementor-widget elementor-widget-aux_simple_svg\" data-id=\"e7df2db\" data-element_type=\"widget\" data-widget_type=\"aux_simple_svg.default\">\n\t\t\t\t<div class=\"elementor-widget-container\">\n\t\t\t\t\t    <div class=\"aux-widget-container aux-simple-svg-container\">\n        <div class=\"aux-widget-container-inner\">\n            <div class=\"aux-the-svg\"><\/div>\n        <\/div>\n    <\/div>\n    \t\t\t\t<\/div>\n\t\t\t\t<\/div>\n\t\t\t\t<\/div>\n\t\t\t\t<\/div>\n\t\t<div class=\"elementor-element elementor-element-f35281c e-con-full e-flex e-con e-child\" data-id=\"f35281c\" data-element_type=\"container\">\n\t\t<div class=\"elementor-element elementor-element-c02ab1a aux-appear-watch-animation aux-scale-up e-con-full e-flex e-con e-child\" data-id=\"c02ab1a\" data-element_type=\"container\">\n\t\t\t\t<div class=\"elementor-element elementor-element-e707bda elementor-widget elementor-widget-aux_modern_heading\" data-id=\"e707bda\" data-element_type=\"widget\" data-widget_type=\"aux_modern_heading.default\">\n\t\t\t\t<div class=\"elementor-widget-container\">\n\t\t\t\t\t<section class=\"aux-widget-modern-heading\">\n            <div class=\"aux-widget-inner\"><h2 class=\"aux-modern-heading-primary\"><\/h2><h3 class=\"aux-modern-heading-secondary\"><span class=\"aux-head-before\">Zdj\u0119cia<\/span><\/h3><div class=\"aux-modern-heading-description\"><p>Wszystkie zdj\u0119cia posegregowane na odpowiednie kategorie.<\/p><\/div><\/div>\n        <\/section>\t\t\t\t<\/div>\n\t\t\t\t<\/div>\n\t\t\t\t<div class=\"elementor-element elementor-element-028d404 elementor-widget__width-auto elementor-widget elementor-widget-aux_simple_svg\" data-id=\"028d404\" data-element_type=\"widget\" data-widget_type=\"aux_simple_svg.default\">\n\t\t\t\t<div class=\"elementor-widget-container\">\n\t\t\t\t\t    <div class=\"aux-widget-container aux-simple-svg-container\">\n        <div class=\"aux-widget-container-inner\">\n            <div class=\"aux-the-svg\"><\/div>\n        <\/div>\n    <\/div>\n    \t\t\t\t<\/div>\n\t\t\t\t<\/div>\n\t\t\t\t<\/div>\n\t\t<div class=\"elementor-element elementor-element-6b54a51 aux-appear-watch-animation aux-scale-up e-con-full e-flex e-con e-child\" data-id=\"6b54a51\" data-element_type=\"container\">\n\t\t\t\t<div class=\"elementor-element elementor-element-1f6c98e elementor-widget elementor-widget-aux_modern_heading\" data-id=\"1f6c98e\" data-element_type=\"widget\" data-widget_type=\"aux_modern_heading.default\">\n\t\t\t\t<div class=\"elementor-widget-container\">\n\t\t\t\t\t<section class=\"aux-widget-modern-heading\">\n            <div class=\"aux-widget-inner\"><h2 class=\"aux-modern-heading-primary\"><\/h2><h3 class=\"aux-modern-heading-secondary\"><span class=\"aux-head-before\">Filmy<\/span><\/h3><div class=\"aux-modern-heading-description\"><p>Materia\u0142y wideo stworzone przez nasze stowarzyszenie.<\/p><\/div><\/div>\n        <\/section>\t\t\t\t<\/div>\n\t\t\t\t<\/div>\n\t\t\t\t<div class=\"elementor-element elementor-element-d58d4d4 elementor-widget__width-auto elementor-widget elementor-widget-aux_simple_svg\" data-id=\"d58d4d4\" data-element_type=\"widget\" data-widget_type=\"aux_simple_svg.default\">\n\t\t\t\t<div class=\"elementor-widget-container\">\n\t\t\t\t\t    <div class=\"aux-widget-container aux-simple-svg-container\">\n        <div class=\"aux-widget-container-inner\">\n            <div class=\"aux-the-svg\"><\/div>\n        <\/div>\n    <\/div>\n    \t\t\t\t<\/div>\n\t\t\t\t<\/div>\n\t\t\t\t<\/div>\n\t\t\t\t<\/div>\n\t\t\t\t<\/div>\n\t\t\t\t\t<\/div>\n\t\t\t\t<\/div>\n\t\t<div class=\"aux-parallax-section elementor-element elementor-element-55f9f84 e-flex e-con-boxed e-con e-parent\" data-id=\"55f9f84\" data-element_type=\"container\">\n\t\t\t\t\t<div class=\"e-con-inner\">\n\t\t<div class=\"elementor-element elementor-element-2420923 e-con-full e-flex e-con e-child\" data-id=\"2420923\" data-element_type=\"container\">\n\t\t\t\t<div class=\"elementor-element elementor-element-97c169c elementor-widget-divider--view-line elementor-widget elementor-widget-divider\" data-id=\"97c169c\" data-element_type=\"widget\" data-widget_type=\"divider.default\">\n\t\t\t\t<div class=\"elementor-widget-container\">\n\t\t\t\t\t\t\t<div class=\"elementor-divider\">\n\t\t\t<span class=\"elementor-divider-separator\">\n\t\t\t\t\t\t<\/span>\n\t\t<\/div>\n\t\t\t\t\t\t<\/div>\n\t\t\t\t<\/div>\n\t\t\t\t<\/div>\n\t\t\t\t\t<\/div>\n\t\t\t\t<\/div>\n\t\t<div class=\"aux-parallax-section elementor-element elementor-element-fdb2787 e-flex e-con-boxed e-con e-parent\" data-id=\"fdb2787\" data-element_type=\"container\">\n\t\t\t\t\t<div class=\"e-con-inner\">\n\t\t<div class=\"elementor-element elementor-element-f5972c6 e-con-full e-flex e-con e-child\" data-id=\"f5972c6\" data-element_type=\"container\">\n\t\t\t\t<div class=\"elementor-element elementor-element-ef1cb9c aux-appear-watch-animation aux-fade-in-up elementor-widget elementor-widget-aux_modern_heading\" data-id=\"ef1cb9c\" data-element_type=\"widget\" data-widget_type=\"aux_modern_heading.default\">\n\t\t\t\t<div class=\"elementor-widget-container\">\n\t\t\t\t\t<section class=\"aux-widget-modern-heading\">\n            <div class=\"aux-widget-inner\"><h2 class=\"aux-modern-heading-primary\">Prawa <b>autorskie<\/b><\/h2><div class=\"aux-modern-heading-divider\"><\/div><div class=\"aux-modern-heading-description\"><p>Wszystkie materia\u0142y dost\u0119pne na stronie stowarzyszenia oraz udost\u0119pnionym dysku s\u0105 w\u0142asno\u015bci\u0105 Stowarzyszenia Kliford. Materia\u0142y takie jak logo Stowarzyszenia, Spaceru \u015aladami Kliforda oraz Kurs na Psa nale\u017cy wykorzystywa\u0107 zgodnia z katalogiem identyfikacji wizualnej, a fotografie nale\u017cy oznaczy\u0107 w widocznym miejscu \"\u00a9 Stowarzyszenie Kliford fot. Imi\u0119 i nazwisko fotografa\"<\/p><\/div><\/div>\n        <\/section>\t\t\t\t<\/div>\n\t\t\t\t<\/div>\n\t\t\t\t<\/div>\n\t\t\t\t\t<\/div>\n\t\t\t\t<\/div>\n\t\t\t\t<\/div>\n\t\t","protected":false},"excerpt":{"rendered":"<p>Podstawowe dokumenty o naszej dzia\u0142\u0105lno\u015bci Tu znajdziesz materia\u0142y do pobrania Dokumenty Tu znajdziesz takie dokumenty jak statut, wz\u00f3r umowy wolontariusza itp. Identyfikacja wizualna Tu znajdziesz wszystkie nasze logo do wykorzystywania w materia\u0142ach marketingowych. Zdj\u0119cia Wszystkie zdj\u0119cia posegregowane na odpowiednie kategorie. Filmy Materia\u0142y wideo stworzone przez nasze stowarzyszenie. Prawa autorskie Wszystkie materia\u0142y dost\u0119pne na stronie stowarzyszenia [&hellip;]<\/p>\n","protected":false},"author":1,"featured_media":0,"parent":0,"menu_order":0,"comment_status":"closed","ping_status":"closed","template":"templates\/page-builder-content.php","meta":{"footnotes":""},"class_list":["post-112","page","type-page","status-publish","hentry"],"_links":{"self":[{"href":"https:\/\/kliford.org.pl\/index.php\/wp-json\/wp\/v2\/pages\/112","targetHints":{"allow":["GET"]}}],"collection":[{"href":"https:\/\/kliford.org.pl\/index.php\/wp-json\/wp\/v2\/pages"}],"about":[{"href":"https:\/\/kliford.org.pl\/index.php\/wp-json\/wp\/v2\/types\/page"}],"author":[{"embeddable":true,"href":"https:\/\/kliford.org.pl\/index.php\/wp-json\/wp\/v2\/users\/1"}],"replies":[{"embeddable":true,"href":"https:\/\/kliford.org.pl\/index.php\/wp-json\/wp\/v2\/comments?post=112"}],"version-history":[{"count":3,"href":"https:\/\/kliford.org.pl\/index.php\/wp-json\/wp\/v2\/pages\/112\/revisions"}],"predecessor-version":[{"id":213,"href":"https:\/\/kliford.org.pl\/index.php\/wp-json\/wp\/v2\/pages\/112\/revisions\/213"}],"wp:attachment":[{"href":"https:\/\/kliford.org.pl\/index.php\/wp-json\/wp\/v2\/media?parent=112"}],"curies":[{"name":"wp","href":"https:\/\/api.w.org\/{rel}","templated":true}]}}