{"id":113,"date":"2018-12-04T05:58:37","date_gmt":"2018-12-04T04:58:37","guid":{"rendered":"http:\/\/kliford.org.pl\/index.php\/about\/"},"modified":"2025-11-18T14:05:54","modified_gmt":"2025-11-18T13:05:54","slug":"about","status":"publish","type":"page","link":"https:\/\/kliford.org.pl\/index.php\/about\/","title":{"rendered":"O nas"},"content":{"rendered":"\t\t<div data-elementor-type=\"wp-post\" data-elementor-id=\"113\" class=\"elementor elementor-113\">\n\t\t\t\t<div class=\"aux-parallax-section elementor-element elementor-element-879dc75 e-flex e-con-boxed e-con e-parent\" data-id=\"879dc75\" data-element_type=\"container\">\n\t\t\t\t\t<div class=\"e-con-inner\">\n\t\t<div class=\"elementor-element elementor-element-75a49b3 e-con-full e-flex e-con e-child\" data-id=\"75a49b3\" data-element_type=\"container\">\n\t\t\t\t<div class=\"elementor-element elementor-element-6625f72 aux-appear-watch-animation aux-fade-in-right elementor-widget elementor-widget-aux_modern_heading\" data-id=\"6625f72\" data-element_type=\"widget\" data-widget_type=\"aux_modern_heading.default\">\n\t\t\t\t<div class=\"elementor-widget-container\">\n\t\t\t\t\t<section class=\"aux-widget-modern-heading\">\n            <div class=\"aux-widget-inner\"><h2 class=\"aux-modern-heading-primary\">O nas<\/h2><h3 class=\"aux-modern-heading-secondary\"><span class=\"aux-head-before\">Stowarzyszenie <b>Kliford<\/b> <\/span><\/h3><div class=\"aux-modern-heading-divider\"><\/div><\/div>\n        <\/section>\t\t\t\t<\/div>\n\t\t\t\t<\/div>\n\t\t<div class=\"elementor-element elementor-element-d354ab8 e-con-full e-flex e-con e-child\" data-id=\"d354ab8\" data-element_type=\"container\">\n\t\t<div class=\"elementor-element elementor-element-a2c7862 e-con-full e-flex e-con e-child\" data-id=\"a2c7862\" data-element_type=\"container\">\n\t\t\t\t<div class=\"elementor-element elementor-element-6fb4783 aux-appear-watch-animation aux-fade-in elementor-widget elementor-widget-aux_modern_heading\" data-id=\"6fb4783\" data-element_type=\"widget\" data-widget_type=\"aux_modern_heading.default\">\n\t\t\t\t<div class=\"elementor-widget-container\">\n\t\t\t\t\t<section class=\"aux-widget-modern-heading\">\n            <div class=\"aux-widget-inner\"><h2 class=\"aux-modern-heading-primary\"><\/h2><div class=\"aux-modern-heading-description\"><p><strong data-start=\"360\" data-end=\"386\">Stowarzyszenie Kliford<\/strong> to organizacja non-profit z Grudzi\u0105dza, dzia\u0142aj\u0105ca na rzecz zwierz\u0105t i ich opiekun\u00f3w. Powstali\u015bmy z mi\u0142o\u015bci do zwierz\u0105t oraz przekonania, \u017ce edukacja, empatia i odpowiedzialno\u015b\u0107 s\u0105 kluczem do budowania lepszego \u015bwiata \u2013 zar\u00f3wno dla ludzi, jak i dla naszych czworono\u017cnych przyjaci\u00f3\u0142.<\/p><\/div><\/div>\n        <\/section>\t\t\t\t<\/div>\n\t\t\t\t<\/div>\n\t\t\t\t<\/div>\n\t\t<div class=\"elementor-element elementor-element-8ae8968 e-con-full e-flex e-con e-child\" data-id=\"8ae8968\" data-element_type=\"container\">\n\t\t\t\t<div class=\"elementor-element elementor-element-c535e24 aux-appear-watch-animation aux-fade-in elementor-widget elementor-widget-aux_modern_heading\" data-id=\"c535e24\" data-element_type=\"widget\" data-widget_type=\"aux_modern_heading.default\">\n\t\t\t\t<div class=\"elementor-widget-container\">\n\t\t\t\t\t<section class=\"aux-widget-modern-heading\">\n            <div class=\"aux-widget-inner\"><h2 class=\"aux-modern-heading-primary\">Nasza <b>misja<\/b><\/h2><div class=\"aux-modern-heading-description\"><p>\u00a0Nasz\u0105 misj\u0105 jest kszta\u0142towanie empatycznego i odpowiedzialnego spo\u0142ecze\u0144stwa poprzez edukacj\u0119 prozwierz\u0119c\u0105. D\u0105\u017cymy do zwi\u0119kszenia \u015bwiadomo\u015bci na temat potrzeb, praw i dobrostanu zwierz\u0105t oraz budowania harmonijnych relacji mi\u0119dzy lud\u017ami a wszystkimi istotami \u017cywymi. Poprzez dzia\u0142ania edukacyjne, kampanie spo\u0142eczne i wsp\u00f3\u0142prac\u0119 z instytucjami, wspieramy postawy szacunku, wsp\u00f3\u0142czucia i troski wobec zwierz\u0105t \u2013 zar\u00f3wno domowych, jak i dzikich czy hodowlanych.<\/p><\/div><\/div>\n        <\/section>\t\t\t\t<\/div>\n\t\t\t\t<\/div>\n\t\t\t\t<\/div>\n\t\t\t\t<\/div>\n\t\t<div class=\"elementor-element elementor-element-c3671b1 e-con-full e-flex e-con e-child\" data-id=\"c3671b1\" data-element_type=\"container\">\n\t\t<div class=\"elementor-element elementor-element-ac80ff5 e-con-full e-flex e-con e-child\" data-id=\"ac80ff5\" data-element_type=\"container\">\n\t\t\t\t<div class=\"elementor-element elementor-element-5df5e46 elementor-widget elementor-widget-aux_simple_svg\" data-id=\"5df5e46\" data-element_type=\"widget\" data-widget_type=\"aux_simple_svg.default\">\n\t\t\t\t<div class=\"elementor-widget-container\">\n\t\t\t\t\t    <div class=\"aux-widget-container aux-simple-svg-container\">\n        <div class=\"aux-widget-container-inner\">\n            <div class=\"aux-the-svg\"><img decoding=\"async\" src=\"https:\/\/kliford.org.pl\/wp-content\/uploads\/2025\/10\/obraz_2025-10-26_205347390.png\" title=\"obraz_2025-10-26_205347390\" alt=\"obraz_2025-10-26_205347390\" loading=\"lazy\" \/><\/div>\n        <\/div>\n    <\/div>\n    \t\t\t\t<\/div>\n\t\t\t\t<\/div>\n\t\t\t\t<\/div>\n\t\t<div class=\"elementor-element elementor-element-8246cae e-con-full e-flex e-con e-child\" data-id=\"8246cae\" data-element_type=\"container\">\n\t\t\t\t<div class=\"elementor-element elementor-element-2aac041 elementor-widget elementor-widget-heading\" data-id=\"2aac041\" data-element_type=\"widget\" data-widget_type=\"heading.default\">\n\t\t\t\t<div class=\"elementor-widget-container\">\n\t\t\t\t\t<h2 class=\"elementor-heading-title elementor-size-default\">Nasze <b> dzia\u0142ania<\/h2>\t\t\t\t<\/div>\n\t\t\t\t<\/div>\n\t\t\t\t<div class=\"elementor-element elementor-element-e721187 elementor-align-left aux-appear-watch-animation aux-fade-in-up elementor-icon-list--layout-traditional elementor-list-item-link-full_width elementor-widget elementor-widget-icon-list\" data-id=\"e721187\" data-element_type=\"widget\" data-widget_type=\"icon-list.default\">\n\t\t\t\t<div class=\"elementor-widget-container\">\n\t\t\t\t\t\t\t<ul class=\"elementor-icon-list-items\">\n\t\t\t\t\t\t\t<li class=\"elementor-icon-list-item\">\n\t\t\t\t\t\t\t\t\t\t\t<span class=\"elementor-icon-list-icon\">\n\t\t\t\t\t\t\t<i aria-hidden=\"true\" class=\"fas fa-check\"><\/i>\t\t\t\t\t\t<\/span>\n\t\t\t\t\t\t\t\t\t\t<span class=\"elementor-icon-list-text\">Koordynacja programu kastracji i sterylizacji kot\u00f3w wolno\u017cyj\u0105cych<\/span>\n\t\t\t\t\t\t\t\t\t<\/li>\n\t\t\t\t\t\t\t\t<li class=\"elementor-icon-list-item\">\n\t\t\t\t\t\t\t\t\t\t\t<span class=\"elementor-icon-list-icon\">\n\t\t\t\t\t\t\t<i aria-hidden=\"true\" class=\"fas fa-check\"><\/i>\t\t\t\t\t\t<\/span>\n\t\t\t\t\t\t\t\t\t\t<span class=\"elementor-icon-list-text\">Warsztaty dla opiekun\u00f3w zwierz\u0105t<\/span>\n\t\t\t\t\t\t\t\t\t<\/li>\n\t\t\t\t\t\t\t\t<li class=\"elementor-icon-list-item\">\n\t\t\t\t\t\t\t\t\t\t\t<span class=\"elementor-icon-list-icon\">\n\t\t\t\t\t\t\t<i aria-hidden=\"true\" class=\"fas fa-check\"><\/i>\t\t\t\t\t\t<\/span>\n\t\t\t\t\t\t\t\t\t\t<span class=\"elementor-icon-list-text\">Edukacja prozwierz\u0119ca w plac\u00f3wkach o\u015bwiatowych<\/span>\n\t\t\t\t\t\t\t\t\t<\/li>\n\t\t\t\t\t\t\t\t<li class=\"elementor-icon-list-item\">\n\t\t\t\t\t\t\t\t\t\t\t<span class=\"elementor-icon-list-icon\">\n\t\t\t\t\t\t\t<i aria-hidden=\"true\" class=\"fas fa-check\"><\/i>\t\t\t\t\t\t<\/span>\n\t\t\t\t\t\t\t\t\t\t<span class=\"elementor-icon-list-text\">Organizacja wydarze\u0144 miejskich<\/span>\n\t\t\t\t\t\t\t\t\t<\/li>\n\t\t\t\t\t\t<\/ul>\n\t\t\t\t\t\t<\/div>\n\t\t\t\t<\/div>\n\t\t\t\t<\/div>\n\t\t\t\t<\/div>\n\t\t<div class=\"elementor-element elementor-element-01afa98 aux-appear-watch-animation aux-fade-in-up-1 e-con-full e-flex e-con e-child\" data-id=\"01afa98\" data-element_type=\"container\" data-settings=\"{&quot;background_background&quot;:&quot;classic&quot;}\">\n\t\t<div class=\"elementor-element elementor-element-c970365 e-con-full e-flex e-con e-child\" data-id=\"c970365\" data-element_type=\"container\">\n\t\t\t\t<div class=\"elementor-element elementor-element-675d295 elementor-widget elementor-widget-counter\" data-id=\"675d295\" data-element_type=\"widget\" data-widget_type=\"counter.default\">\n\t\t\t\t<div class=\"elementor-widget-container\">\n\t\t\t\t\t\t\t<div class=\"elementor-counter\">\n\t\t\t<div class=\"elementor-counter-title\"> <b> Warsztat\u00f3w<\/b><\/div>\t\t\t<div class=\"elementor-counter-number-wrapper\">\n\t\t\t\t<span class=\"elementor-counter-number-prefix\"><\/span>\n\t\t\t\t<span class=\"elementor-counter-number\" data-duration=\"2000\" data-to-value=\"6\" data-from-value=\"0\" data-delimiter=\",\">0<\/span>\n\t\t\t\t<span class=\"elementor-counter-number-suffix\"><\/span>\n\t\t\t<\/div>\n\t\t<\/div>\n\t\t\t\t\t\t<\/div>\n\t\t\t\t<\/div>\n\t\t\t\t<\/div>\n\t\t<div class=\"elementor-element elementor-element-5303c7f e-con-full e-flex e-con e-child\" data-id=\"5303c7f\" data-element_type=\"container\">\n\t\t\t\t<div class=\"elementor-element elementor-element-4b83b6f elementor-widget elementor-widget-counter\" data-id=\"4b83b6f\" data-element_type=\"widget\" data-widget_type=\"counter.default\">\n\t\t\t\t<div class=\"elementor-widget-container\">\n\t\t\t\t\t\t\t<div class=\"elementor-counter\">\n\t\t\t<div class=\"elementor-counter-title\"><b>Uczestnik\u00f3w<\/b><\/div>\t\t\t<div class=\"elementor-counter-number-wrapper\">\n\t\t\t\t<span class=\"elementor-counter-number-prefix\"><\/span>\n\t\t\t\t<span class=\"elementor-counter-number\" data-duration=\"2000\" data-to-value=\"590\" data-from-value=\"0\" data-delimiter=\",\">0<\/span>\n\t\t\t\t<span class=\"elementor-counter-number-suffix\">+<\/span>\n\t\t\t<\/div>\n\t\t<\/div>\n\t\t\t\t\t\t<\/div>\n\t\t\t\t<\/div>\n\t\t\t\t<\/div>\n\t\t<div class=\"elementor-element elementor-element-f01513d e-con-full e-flex e-con e-child\" data-id=\"f01513d\" data-element_type=\"container\">\n\t\t\t\t<div class=\"elementor-element elementor-element-a4fb003 elementor-widget elementor-widget-counter\" data-id=\"a4fb003\" data-element_type=\"widget\" data-widget_type=\"counter.default\">\n\t\t\t\t<div class=\"elementor-widget-container\">\n\t\t\t\t\t\t\t<div class=\"elementor-counter\">\n\t\t\t<div class=\"elementor-counter-title\">przekazanej  <b> karmy<\/b><\/div>\t\t\t<div class=\"elementor-counter-number-wrapper\">\n\t\t\t\t<span class=\"elementor-counter-number-prefix\"><\/span>\n\t\t\t\t<span class=\"elementor-counter-number\" data-duration=\"3000\" data-to-value=\"521\" data-from-value=\"\" data-delimiter=\",\"><\/span>\n\t\t\t\t<span class=\"elementor-counter-number-suffix\"> kg<\/span>\n\t\t\t<\/div>\n\t\t<\/div>\n\t\t\t\t\t\t<\/div>\n\t\t\t\t<\/div>\n\t\t\t\t<\/div>\n\t\t\t\t<\/div>\n\t\t\t\t<\/div>\n\t\t\t\t\t<\/div>\n\t\t\t\t<\/div>\n\t\t<div class=\"aux-parallax-section elementor-element elementor-element-1ab95ca e-flex e-con-boxed e-con e-parent\" data-id=\"1ab95ca\" data-element_type=\"container\">\n\t\t\t\t\t<div class=\"e-con-inner\">\n\t\t<div class=\"elementor-element elementor-element-7dbfe71 e-con-full e-flex e-con e-child\" data-id=\"7dbfe71\" data-element_type=\"container\">\n\t\t\t\t<div class=\"elementor-element elementor-element-bbb7d5b aux-appear-watch-animation aux-fade-in-up elementor-widget elementor-widget-aux_modern_heading\" data-id=\"bbb7d5b\" data-element_type=\"widget\" data-widget_type=\"aux_modern_heading.default\">\n\t\t\t\t<div class=\"elementor-widget-container\">\n\t\t\t\t\t<section class=\"aux-widget-modern-heading\">\n            <div class=\"aux-widget-inner\"><h2 class=\"aux-modern-heading-primary\">Nasz <b>TEAM<\/b><\/h2><div class=\"aux-modern-heading-divider\"><\/div><div class=\"aux-modern-heading-description\"><p>To ci ludzie tworz\u0105 nasz\u0105 organizacj\u0119, to oni s\u0105 motorem nap\u0119dowym naszych dzia\u0142a\u0144, to dzi\u0119ki ich po\u015bwi\u0119ceniu dalej dzia\u0142amy<\/p><\/div><\/div>\n        <\/section>\t\t\t\t<\/div>\n\t\t\t\t<\/div>\n\t\t<div class=\"elementor-element elementor-element-b32560c e-grid e-con-full e-con e-child\" data-id=\"b32560c\" data-element_type=\"container\">\n\t\t\t\t<div class=\"elementor-element elementor-element-c6fb404 elementor-widget elementor-widget-aux_text\" data-id=\"c6fb404\" data-element_type=\"widget\" data-widget_type=\"aux_text.default\">\n\t\t\t\t<div class=\"elementor-widget-container\">\n\t\t\t\t\t<section class=\"widget-container aux-widget-text aux-parent-au63682f13\">        <div class=\"aux-widget-advanced-text aux-wrap-style-simple aux-ico-pos-top aux-text-center aux-text-resp- aux-text-color-dark aux-text-widget-bg-center  \" >\n        \n                            <div class=\"aux-text-widget-header \"  >\n                        <div class=\"aux-ico-box aux-ico-large aux-img-box aux-ico-shape-default aux-ico-clear \">\n                                                                <img decoding=\"async\" width=\"150\" height=\"150\" src=\"https:\/\/kliford.org.pl\/wp-content\/uploads\/2025\/10\/1.png\" class=\"aux-attachment aux-featured-image aux-attachment-id-131\" alt=\"1\" data-ratio=\"1\" data-original-w=\"150\" \/>                                                    <\/div>\n                <\/div>\n            \n            <div class=\"aux-text-inner aux-text-widget-content\">\n                                <h4 class=\"col-title\"><b>Pawe\u0142 <\/b> Fiszer<\/h4>\n                                <h5 class=\"col-subtitle\">Prezes stowarzyszenia<\/h5>\n\n                                <div class=\"widget-content\">\n                                        <p>Instruktor, behawiorysta<\/p>                <\/div>\n                            <\/div>\n        <\/div>\n                    <div class=\"aux-text-widget-footer\">\n                <div class=\"aux-border-shape-none \">\n                                <\/div>\n            <\/div>\n        \n<\/section><!-- widget-container -->\t\t\t\t<\/div>\n\t\t\t\t<\/div>\n\t\t\t\t<div class=\"elementor-element elementor-element-3cf60a9 elementor-widget elementor-widget-aux_text\" data-id=\"3cf60a9\" data-element_type=\"widget\" data-widget_type=\"aux_text.default\">\n\t\t\t\t<div class=\"elementor-widget-container\">\n\t\t\t\t\t<section class=\"widget-container aux-widget-text aux-parent-au6b5f1064\">        <div class=\"aux-widget-advanced-text aux-wrap-style-simple aux-ico-pos-top aux-text-center aux-text-resp- aux-text-color-dark aux-text-widget-bg-center  \" >\n        \n                            <div class=\"aux-text-widget-header \"  >\n                        <div class=\"aux-ico-box aux-ico-large aux-img-box aux-ico-shape-default aux-ico-clear \">\n                                                                <img decoding=\"async\" width=\"150\" height=\"150\" src=\"https:\/\/kliford.org.pl\/wp-content\/uploads\/2025\/10\/1.png\" class=\"aux-attachment aux-featured-image aux-attachment-id-131\" alt=\"1\" data-ratio=\"1\" data-original-w=\"150\" \/>                                                    <\/div>\n                <\/div>\n            \n            <div class=\"aux-text-inner aux-text-widget-content\">\n                                <h4 class=\"col-title\"><b>Pawe\u0142<\/b> Gie\u0142a\u017cyn<\/h4>\n                                <h5 class=\"col-subtitle\">Cz\u0142onek zarz\u0105du<\/h5>\n\n                                <div class=\"widget-content\">\n                                        <p>Instruktor, groomer, technik weterynarii<\/p>                <\/div>\n                            <\/div>\n        <\/div>\n                    <div class=\"aux-text-widget-footer\">\n                <div class=\"aux-border-shape-none \">\n                                <\/div>\n            <\/div>\n        \n<\/section><!-- widget-container -->\t\t\t\t<\/div>\n\t\t\t\t<\/div>\n\t\t\t\t<div class=\"elementor-element elementor-element-2ccc67a elementor-widget elementor-widget-aux_text\" data-id=\"2ccc67a\" data-element_type=\"widget\" data-widget_type=\"aux_text.default\">\n\t\t\t\t<div class=\"elementor-widget-container\">\n\t\t\t\t\t<section class=\"widget-container aux-widget-text aux-parent-au9cfa0eaf\">        <div class=\"aux-widget-advanced-text aux-wrap-style-simple aux-ico-pos-top aux-text-center aux-text-resp- aux-text-color-dark aux-text-widget-bg-center  \" >\n        \n                            <div class=\"aux-text-widget-header \"  >\n                        <div class=\"aux-ico-box aux-ico-large aux-img-box aux-ico-shape-default aux-ico-clear \">\n                                                                <img decoding=\"async\" width=\"150\" height=\"150\" src=\"https:\/\/kliford.org.pl\/wp-content\/uploads\/2025\/10\/1.png\" class=\"aux-attachment aux-featured-image aux-attachment-id-131\" alt=\"1\" data-ratio=\"1\" data-original-w=\"150\" \/>                                                    <\/div>\n                <\/div>\n            \n            <div class=\"aux-text-inner aux-text-widget-content\">\n                                <h4 class=\"col-title\"><b>Oliwia<\/b> Fornal<\/h4>\n                                <h5 class=\"col-subtitle\">Cz\u0142onkini zarz\u0105du<\/h5>\n\n                                <div class=\"widget-content\">\n                                        <p>Instruktorka, behawiorystka, techniczka weterynarii<\/p>                <\/div>\n                            <\/div>\n        <\/div>\n                    <div class=\"aux-text-widget-footer\">\n                <div class=\"aux-border-shape-none \">\n                                <\/div>\n            <\/div>\n        \n<\/section><!-- widget-container -->\t\t\t\t<\/div>\n\t\t\t\t<\/div>\n\t\t\t\t<div class=\"elementor-element elementor-element-9f1ee31 elementor-widget elementor-widget-aux_text\" data-id=\"9f1ee31\" data-element_type=\"widget\" data-widget_type=\"aux_text.default\">\n\t\t\t\t<div class=\"elementor-widget-container\">\n\t\t\t\t\t<section class=\"widget-container aux-widget-text aux-parent-au868ce99f\">        <div class=\"aux-widget-advanced-text aux-wrap-style-simple aux-ico-pos-top aux-text-center aux-text-resp- aux-text-color-dark aux-text-widget-bg-center  \" >\n        \n                            <div class=\"aux-text-widget-header \"  >\n                        <div class=\"aux-ico-box aux-ico-large aux-img-box aux-ico-shape-default aux-ico-clear \">\n                                                                <img decoding=\"async\" width=\"150\" height=\"150\" src=\"https:\/\/kliford.org.pl\/wp-content\/uploads\/2025\/10\/1.png\" class=\"aux-attachment aux-featured-image aux-attachment-id-131\" alt=\"1\" data-ratio=\"1\" data-original-w=\"150\" \/>                                                    <\/div>\n                <\/div>\n            \n            <div class=\"aux-text-inner aux-text-widget-content\">\n                                <h4 class=\"col-title\"><b>Jolanta <\/b> Drypa<\/h4>\n                                <h5 class=\"col-subtitle\">Cz\u0142onkini stowarzyszenia<\/h5>\n\n                                <div class=\"widget-content\">\n                                        <p>Instruktorka, dietetyczka, techniczka weterynarii<\/p>                <\/div>\n                            <\/div>\n        <\/div>\n                    <div class=\"aux-text-widget-footer\">\n                <div class=\"aux-border-shape-none \">\n                                <\/div>\n            <\/div>\n        \n<\/section><!-- widget-container -->\t\t\t\t<\/div>\n\t\t\t\t<\/div>\n\t\t\t\t<div class=\"elementor-element elementor-element-b7dcc80 elementor-widget elementor-widget-aux_text\" data-id=\"b7dcc80\" data-element_type=\"widget\" data-widget_type=\"aux_text.default\">\n\t\t\t\t<div class=\"elementor-widget-container\">\n\t\t\t\t\t<section class=\"widget-container aux-widget-text aux-parent-au37ba903a\">        <div class=\"aux-widget-advanced-text aux-wrap-style-simple aux-ico-pos-top aux-text-center aux-text-resp- aux-text-color-dark aux-text-widget-bg-center  \" >\n        \n                            <div class=\"aux-text-widget-header \"  >\n                        <div class=\"aux-ico-box aux-ico-large aux-img-box aux-ico-shape-default aux-ico-clear \">\n                                                                <img decoding=\"async\" width=\"150\" height=\"150\" src=\"https:\/\/kliford.org.pl\/wp-content\/uploads\/2025\/10\/1.png\" class=\"aux-attachment aux-featured-image aux-attachment-id-131\" alt=\"1\" data-ratio=\"1\" data-original-w=\"150\" \/>                                                    <\/div>\n                <\/div>\n            \n            <div class=\"aux-text-inner aux-text-widget-content\">\n                                <h4 class=\"col-title\"><b>Agnieszka <\/b> Chuchra<\/h4>\n                                <h5 class=\"col-subtitle\">Cz\u0142onkini stowarzyszenia<\/h5>\n\n                                <div class=\"widget-content\">\n                                        <p>Instruktorka, specjalistka ds. zaopatrzenia<\/p>                <\/div>\n                            <\/div>\n        <\/div>\n                    <div class=\"aux-text-widget-footer\">\n                <div class=\"aux-border-shape-none \">\n                                <\/div>\n            <\/div>\n        \n<\/section><!-- widget-container -->\t\t\t\t<\/div>\n\t\t\t\t<\/div>\n\t\t\t\t<div class=\"elementor-element elementor-element-f3d863b elementor-widget elementor-widget-aux_text\" data-id=\"f3d863b\" data-element_type=\"widget\" data-widget_type=\"aux_text.default\">\n\t\t\t\t<div class=\"elementor-widget-container\">\n\t\t\t\t\t<section class=\"widget-container aux-widget-text aux-parent-auf6443311\">        <div class=\"aux-widget-advanced-text aux-wrap-style-simple aux-ico-pos-top aux-text-center aux-text-resp- aux-text-color-dark aux-text-widget-bg-center  \" >\n        \n                            <div class=\"aux-text-widget-header \"  >\n                        <div class=\"aux-ico-box aux-ico-large aux-img-box aux-ico-shape-default aux-ico-clear \">\n                                                                <img decoding=\"async\" width=\"150\" height=\"150\" src=\"https:\/\/kliford.org.pl\/wp-content\/uploads\/2025\/10\/1.png\" class=\"aux-attachment aux-featured-image aux-attachment-id-131\" alt=\"1\" data-ratio=\"1\" data-original-w=\"150\" \/>                                                    <\/div>\n                <\/div>\n            \n            <div class=\"aux-text-inner aux-text-widget-content\">\n                                <h4 class=\"col-title\"><b>Weronika <\/b> Skorupka<\/h4>\n                                <h5 class=\"col-subtitle\">Cz\u0142onkini stowarzyszenia<\/h5>\n\n                                <div class=\"widget-content\">\n                                        <p>Instroktorka, specjalistka ds. medi\u00f3w<\/p>                <\/div>\n                            <\/div>\n        <\/div>\n                    <div class=\"aux-text-widget-footer\">\n                <div class=\"aux-border-shape-none \">\n                                <\/div>\n            <\/div>\n        \n<\/section><!-- widget-container -->\t\t\t\t<\/div>\n\t\t\t\t<\/div>\n\t\t\t\t<\/div>\n\t\t\t\t<\/div>\n\t\t\t\t\t<\/div>\n\t\t\t\t<\/div>\n\t\t\t\t<\/div>\n\t\t","protected":false},"excerpt":{"rendered":"<p>O nas Stowarzyszenie Kliford Stowarzyszenie Kliford to organizacja non-profit z Grudzi\u0105dza, dzia\u0142aj\u0105ca na rzecz zwierz\u0105t i ich opiekun\u00f3w. Powstali\u015bmy z mi\u0142o\u015bci do zwierz\u0105t oraz przekonania, \u017ce edukacja, empatia i odpowiedzialno\u015b\u0107 s\u0105 kluczem do budowania lepszego \u015bwiata \u2013 zar\u00f3wno dla ludzi, jak i dla naszych czworono\u017cnych przyjaci\u00f3\u0142. Nasza misja \u00a0Nasz\u0105 misj\u0105 jest kszta\u0142towanie empatycznego i odpowiedzialnego [&hellip;]<\/p>\n","protected":false},"author":1,"featured_media":0,"parent":0,"menu_order":0,"comment_status":"closed","ping_status":"closed","template":"templates\/page-builder-content.php","meta":{"footnotes":""},"class_list":["post-113","page","type-page","status-publish","hentry"],"_links":{"self":[{"href":"https:\/\/kliford.org.pl\/index.php\/wp-json\/wp\/v2\/pages\/113","targetHints":{"allow":["GET"]}}],"collection":[{"href":"https:\/\/kliford.org.pl\/index.php\/wp-json\/wp\/v2\/pages"}],"about":[{"href":"https:\/\/kliford.org.pl\/index.php\/wp-json\/wp\/v2\/types\/page"}],"author":[{"embeddable":true,"href":"https:\/\/kliford.org.pl\/index.php\/wp-json\/wp\/v2\/users\/1"}],"replies":[{"embeddable":true,"href":"https:\/\/kliford.org.pl\/index.php\/wp-json\/wp\/v2\/comments?post=113"}],"version-history":[{"count":7,"href":"https:\/\/kliford.org.pl\/index.php\/wp-json\/wp\/v2\/pages\/113\/revisions"}],"predecessor-version":[{"id":273,"href":"https:\/\/kliford.org.pl\/index.php\/wp-json\/wp\/v2\/pages\/113\/revisions\/273"}],"wp:attachment":[{"href":"https:\/\/kliford.org.pl\/index.php\/wp-json\/wp\/v2\/media?parent=113"}],"curies":[{"name":"wp","href":"https:\/\/api.w.org\/{rel}","templated":true}]}}